{"id":241,"date":"2021-01-07T10:14:45","date_gmt":"2021-01-07T10:14:45","guid":{"rendered":"https:\/\/gbf.peakadvisory.ch\/services\/"},"modified":"2021-09-13T12:49:37","modified_gmt":"2021-09-13T12:49:37","slug":"services","status":"publish","type":"page","link":"https:\/\/gbf.peakadvisory.ch\/en\/services\/","title":{"rendered":"Services"},"content":{"rendered":"","protected":false},"excerpt":{"rendered":"","protected":false},"author":2,"featured_media":0,"parent":0,"menu_order":0,"comment_status":"closed","ping_status":"closed","template":"","meta":[],"acf":[],"yoast_head":"<!-- This site is optimized with the Yoast SEO plugin v20.6 - https:\/\/yoast.com\/wordpress\/plugins\/seo\/ -->\n<title>Services - Peak Advisory<\/title>\n<meta name=\"description\" content=\"Nous avons fond\u00e9 Peak Advisory pour vous accompagner dans la formulation, l\u2019impl\u00e9mentation et le suivi de solutions pragmatiques et innovantes, permettant de faciliter vos prises de d\u00e9cisions, de s\u00e9curiser vos op\u00e9rations, de soutenir et d\u00e9velopper votre visibilit\u00e9, et d\u2019apporter de la transparence dans le fonctionnement de votre organisation.\" \/>\n<meta name=\"robots\" content=\"noindex, follow, max-snippet:-1, max-image-preview:large, max-video-preview:-1\" \/>\n<meta property=\"og:locale\" content=\"en_US\" \/>\n<meta property=\"og:type\" content=\"article\" \/>\n<meta property=\"og:title\" content=\"Services - Peak Advisory\" \/>\n<meta property=\"og:description\" content=\"Nous avons fond\u00e9 Peak Advisory pour vous accompagner dans la formulation, l\u2019impl\u00e9mentation et le suivi de solutions pragmatiques et innovantes, permettant de faciliter vos prises de d\u00e9cisions, de s\u00e9curiser vos op\u00e9rations, de soutenir et d\u00e9velopper votre visibilit\u00e9, et d\u2019apporter de la transparence dans le fonctionnement de votre organisation.\" \/>\n<meta property=\"og:url\" content=\"https:\/\/gbf.peakadvisory.ch\/en\/services\/\" \/>\n<meta property=\"og:site_name\" content=\"Peak Advisory\" \/>\n<meta property=\"article:modified_time\" content=\"2021-09-13T12:49:37+00:00\" \/>\n<meta name=\"twitter:card\" content=\"summary_large_image\" \/>\n<script type=\"application\/ld+json\" class=\"yoast-schema-graph\">{\"@context\":\"https:\/\/schema.org\",\"@graph\":[{\"@type\":\"WebPage\",\"@id\":\"https:\/\/gbf.peakadvisory.ch\/en\/services\/\",\"url\":\"https:\/\/gbf.peakadvisory.ch\/en\/services\/\",\"name\":\"Services - Peak Advisory\",\"isPartOf\":{\"@id\":\"https:\/\/gbf.peakadvisory.ch\/en\/#website\"},\"datePublished\":\"2021-01-07T10:14:45+00:00\",\"dateModified\":\"2021-09-13T12:49:37+00:00\",\"description\":\"Nous avons fond\u00e9 Peak Advisory pour vous accompagner dans la formulation, l\u2019impl\u00e9mentation et le suivi de solutions pragmatiques et innovantes, permettant de faciliter vos prises de d\u00e9cisions, de s\u00e9curiser vos op\u00e9rations, de soutenir et d\u00e9velopper votre visibilit\u00e9, et d\u2019apporter de la transparence dans le fonctionnement de votre organisation.\",\"breadcrumb\":{\"@id\":\"https:\/\/gbf.peakadvisory.ch\/en\/services\/#breadcrumb\"},\"inLanguage\":\"en-US\",\"potentialAction\":[{\"@type\":\"ReadAction\",\"target\":[\"https:\/\/gbf.peakadvisory.ch\/en\/services\/\"]}]},{\"@type\":\"BreadcrumbList\",\"@id\":\"https:\/\/gbf.peakadvisory.ch\/en\/services\/#breadcrumb\",\"itemListElement\":[{\"@type\":\"ListItem\",\"position\":1,\"name\":\"Accueil\",\"item\":\"https:\/\/gbf.peakadvisory.ch\/en\/\"},{\"@type\":\"ListItem\",\"position\":2,\"name\":\"Services\"}]},{\"@type\":\"WebSite\",\"@id\":\"https:\/\/gbf.peakadvisory.ch\/en\/#website\",\"url\":\"https:\/\/gbf.peakadvisory.ch\/en\/\",\"name\":\"Peak Advisory\",\"description\":\"Cabinet de conseil multidisciplinaire\",\"publisher\":{\"@id\":\"https:\/\/gbf.peakadvisory.ch\/en\/#organization\"},\"potentialAction\":[{\"@type\":\"SearchAction\",\"target\":{\"@type\":\"EntryPoint\",\"urlTemplate\":\"https:\/\/gbf.peakadvisory.ch\/en\/?s={search_term_string}\"},\"query-input\":\"required name=search_term_string\"}],\"inLanguage\":\"en-US\"},{\"@type\":\"Organization\",\"@id\":\"https:\/\/gbf.peakadvisory.ch\/en\/#organization\",\"name\":\"Peak Advisory\",\"url\":\"https:\/\/gbf.peakadvisory.ch\/en\/\",\"logo\":{\"@type\":\"ImageObject\",\"inLanguage\":\"en-US\",\"@id\":\"https:\/\/gbf.peakadvisory.ch\/en\/#\/schema\/logo\/image\/\",\"url\":\"https:\/\/gbf.peakadvisory.ch\/wp-content\/uploads\/2021\/01\/Peak.svg\",\"contentUrl\":\"https:\/\/gbf.peakadvisory.ch\/wp-content\/uploads\/2021\/01\/Peak.svg\",\"width\":602,\"height\":264,\"caption\":\"Peak Advisory\"},\"image\":{\"@id\":\"https:\/\/gbf.peakadvisory.ch\/en\/#\/schema\/logo\/image\/\"}}]}<\/script>\n<!-- \/ Yoast SEO plugin. -->","yoast_head_json":{"title":"Services - Peak Advisory","description":"Nous avons fond\u00e9 Peak Advisory pour vous accompagner dans la formulation, l\u2019impl\u00e9mentation et le suivi de solutions pragmatiques et innovantes, permettant de faciliter vos prises de d\u00e9cisions, de s\u00e9curiser vos op\u00e9rations, de soutenir et d\u00e9velopper votre visibilit\u00e9, et d\u2019apporter de la transparence dans le fonctionnement de votre organisation.","robots":{"index":"noindex","follow":"follow","max-snippet":"max-snippet:-1","max-image-preview":"max-image-preview:large","max-video-preview":"max-video-preview:-1"},"og_locale":"en_US","og_type":"article","og_title":"Services - Peak Advisory","og_description":"Nous avons fond\u00e9 Peak Advisory pour vous accompagner dans la formulation, l\u2019impl\u00e9mentation et le suivi de solutions pragmatiques et innovantes, permettant de faciliter vos prises de d\u00e9cisions, de s\u00e9curiser vos op\u00e9rations, de soutenir et d\u00e9velopper votre visibilit\u00e9, et d\u2019apporter de la transparence dans le fonctionnement de votre organisation.","og_url":"https:\/\/gbf.peakadvisory.ch\/en\/services\/","og_site_name":"Peak Advisory","article_modified_time":"2021-09-13T12:49:37+00:00","twitter_card":"summary_large_image","schema":{"@context":"https:\/\/schema.org","@graph":[{"@type":"WebPage","@id":"https:\/\/gbf.peakadvisory.ch\/en\/services\/","url":"https:\/\/gbf.peakadvisory.ch\/en\/services\/","name":"Services - Peak Advisory","isPartOf":{"@id":"https:\/\/gbf.peakadvisory.ch\/en\/#website"},"datePublished":"2021-01-07T10:14:45+00:00","dateModified":"2021-09-13T12:49:37+00:00","description":"Nous avons fond\u00e9 Peak Advisory pour vous accompagner dans la formulation, l\u2019impl\u00e9mentation et le suivi de solutions pragmatiques et innovantes, permettant de faciliter vos prises de d\u00e9cisions, de s\u00e9curiser vos op\u00e9rations, de soutenir et d\u00e9velopper votre visibilit\u00e9, et d\u2019apporter de la transparence dans le fonctionnement de votre organisation.","breadcrumb":{"@id":"https:\/\/gbf.peakadvisory.ch\/en\/services\/#breadcrumb"},"inLanguage":"en-US","potentialAction":[{"@type":"ReadAction","target":["https:\/\/gbf.peakadvisory.ch\/en\/services\/"]}]},{"@type":"BreadcrumbList","@id":"https:\/\/gbf.peakadvisory.ch\/en\/services\/#breadcrumb","itemListElement":[{"@type":"ListItem","position":1,"name":"Accueil","item":"https:\/\/gbf.peakadvisory.ch\/en\/"},{"@type":"ListItem","position":2,"name":"Services"}]},{"@type":"WebSite","@id":"https:\/\/gbf.peakadvisory.ch\/en\/#website","url":"https:\/\/gbf.peakadvisory.ch\/en\/","name":"Peak Advisory","description":"Cabinet de conseil multidisciplinaire","publisher":{"@id":"https:\/\/gbf.peakadvisory.ch\/en\/#organization"},"potentialAction":[{"@type":"SearchAction","target":{"@type":"EntryPoint","urlTemplate":"https:\/\/gbf.peakadvisory.ch\/en\/?s={search_term_string}"},"query-input":"required name=search_term_string"}],"inLanguage":"en-US"},{"@type":"Organization","@id":"https:\/\/gbf.peakadvisory.ch\/en\/#organization","name":"Peak Advisory","url":"https:\/\/gbf.peakadvisory.ch\/en\/","logo":{"@type":"ImageObject","inLanguage":"en-US","@id":"https:\/\/gbf.peakadvisory.ch\/en\/#\/schema\/logo\/image\/","url":"https:\/\/gbf.peakadvisory.ch\/wp-content\/uploads\/2021\/01\/Peak.svg","contentUrl":"https:\/\/gbf.peakadvisory.ch\/wp-content\/uploads\/2021\/01\/Peak.svg","width":602,"height":264,"caption":"Peak Advisory"},"image":{"@id":"https:\/\/gbf.peakadvisory.ch\/en\/#\/schema\/logo\/image\/"}}]}},"_links":{"self":[{"href":"https:\/\/gbf.peakadvisory.ch\/en\/wp-json\/wp\/v2\/pages\/241"}],"collection":[{"href":"https:\/\/gbf.peakadvisory.ch\/en\/wp-json\/wp\/v2\/pages"}],"about":[{"href":"https:\/\/gbf.peakadvisory.ch\/en\/wp-json\/wp\/v2\/types\/page"}],"author":[{"embeddable":true,"href":"https:\/\/gbf.peakadvisory.ch\/en\/wp-json\/wp\/v2\/users\/2"}],"replies":[{"embeddable":true,"href":"https:\/\/gbf.peakadvisory.ch\/en\/wp-json\/wp\/v2\/comments?post=241"}],"version-history":[{"count":0,"href":"https:\/\/gbf.peakadvisory.ch\/en\/wp-json\/wp\/v2\/pages\/241\/revisions"}],"wp:attachment":[{"href":"https:\/\/gbf.peakadvisory.ch\/en\/wp-json\/wp\/v2\/media?parent=241"}],"curies":[{"name":"wp","href":"https:\/\/api.w.org\/{rel}","templated":true}]}}