{"id":236,"date":"2021-01-07T10:15:54","date_gmt":"2021-01-07T10:15:54","guid":{"rendered":"https:\/\/gbf.peakadvisory.ch\/a-propos-de-nous\/"},"modified":"2023-03-19T18:31:26","modified_gmt":"2023-03-19T17:31:26","slug":"a-propos-de-nous","status":"publish","type":"page","link":"https:\/\/gbf.peakadvisory.ch\/en\/a-propos-de-nous\/","title":{"rendered":"About us"},"content":{"rendered":"","protected":false},"excerpt":{"rendered":"","protected":false},"author":2,"featured_media":0,"parent":0,"menu_order":0,"comment_status":"closed","ping_status":"closed","template":"","meta":[],"acf":[],"yoast_head":"<!-- This site is optimized with the Yoast SEO plugin v20.6 - https:\/\/yoast.com\/wordpress\/plugins\/seo\/ -->\n<title>About us - Peak Advisory<\/title>\n<meta name=\"description\" content=\"Peak Advisory est un cabinet de conseil multidisciplinaire bas\u00e9 \u00e0 Vevey. Nos solutions, formul\u00e9es et mises en \u0153uvre par quatre associ\u00e9s aux exp\u00e9riences et comp\u00e9tences d\u00e9montr\u00e9es, s\u2019adressent principalement aux PME de Suisse romande.\" \/>\n<meta name=\"robots\" content=\"noindex, follow, max-snippet:-1, max-image-preview:large, max-video-preview:-1\" \/>\n<meta property=\"og:locale\" content=\"en_US\" \/>\n<meta property=\"og:type\" content=\"article\" \/>\n<meta property=\"og:title\" content=\"About us - Peak Advisory\" \/>\n<meta property=\"og:description\" content=\"Peak Advisory est un cabinet de conseil multidisciplinaire bas\u00e9 \u00e0 Vevey. Nos solutions, formul\u00e9es et mises en \u0153uvre par quatre associ\u00e9s aux exp\u00e9riences et comp\u00e9tences d\u00e9montr\u00e9es, s\u2019adressent principalement aux PME de Suisse romande.\" \/>\n<meta property=\"og:url\" content=\"https:\/\/gbf.peakadvisory.ch\/en\/a-propos-de-nous\/\" \/>\n<meta property=\"og:site_name\" content=\"Peak Advisory\" \/>\n<meta property=\"article:modified_time\" content=\"2023-03-19T17:31:26+00:00\" \/>\n<meta name=\"twitter:card\" content=\"summary_large_image\" \/>\n<script type=\"application\/ld+json\" class=\"yoast-schema-graph\">{\"@context\":\"https:\/\/schema.org\",\"@graph\":[{\"@type\":\"WebPage\",\"@id\":\"https:\/\/gbf.peakadvisory.ch\/en\/a-propos-de-nous\/\",\"url\":\"https:\/\/gbf.peakadvisory.ch\/en\/a-propos-de-nous\/\",\"name\":\"About us - Peak Advisory\",\"isPartOf\":{\"@id\":\"https:\/\/gbf.peakadvisory.ch\/en\/#website\"},\"datePublished\":\"2021-01-07T10:15:54+00:00\",\"dateModified\":\"2023-03-19T17:31:26+00:00\",\"description\":\"Peak Advisory est un cabinet de conseil multidisciplinaire bas\u00e9 \u00e0 Vevey. Nos solutions, formul\u00e9es et mises en \u0153uvre par quatre associ\u00e9s aux exp\u00e9riences et comp\u00e9tences d\u00e9montr\u00e9es, s\u2019adressent principalement aux PME de Suisse romande.\",\"breadcrumb\":{\"@id\":\"https:\/\/gbf.peakadvisory.ch\/en\/a-propos-de-nous\/#breadcrumb\"},\"inLanguage\":\"en-US\",\"potentialAction\":[{\"@type\":\"ReadAction\",\"target\":[\"https:\/\/gbf.peakadvisory.ch\/en\/a-propos-de-nous\/\"]}]},{\"@type\":\"BreadcrumbList\",\"@id\":\"https:\/\/gbf.peakadvisory.ch\/en\/a-propos-de-nous\/#breadcrumb\",\"itemListElement\":[{\"@type\":\"ListItem\",\"position\":1,\"name\":\"Accueil\",\"item\":\"https:\/\/gbf.peakadvisory.ch\/en\/\"},{\"@type\":\"ListItem\",\"position\":2,\"name\":\"About us\"}]},{\"@type\":\"WebSite\",\"@id\":\"https:\/\/gbf.peakadvisory.ch\/en\/#website\",\"url\":\"https:\/\/gbf.peakadvisory.ch\/en\/\",\"name\":\"Peak Advisory\",\"description\":\"Cabinet de conseil multidisciplinaire\",\"publisher\":{\"@id\":\"https:\/\/gbf.peakadvisory.ch\/en\/#organization\"},\"potentialAction\":[{\"@type\":\"SearchAction\",\"target\":{\"@type\":\"EntryPoint\",\"urlTemplate\":\"https:\/\/gbf.peakadvisory.ch\/en\/?s={search_term_string}\"},\"query-input\":\"required name=search_term_string\"}],\"inLanguage\":\"en-US\"},{\"@type\":\"Organization\",\"@id\":\"https:\/\/gbf.peakadvisory.ch\/en\/#organization\",\"name\":\"Peak Advisory\",\"url\":\"https:\/\/gbf.peakadvisory.ch\/en\/\",\"logo\":{\"@type\":\"ImageObject\",\"inLanguage\":\"en-US\",\"@id\":\"https:\/\/gbf.peakadvisory.ch\/en\/#\/schema\/logo\/image\/\",\"url\":\"https:\/\/gbf.peakadvisory.ch\/wp-content\/uploads\/2021\/01\/Peak.svg\",\"contentUrl\":\"https:\/\/gbf.peakadvisory.ch\/wp-content\/uploads\/2021\/01\/Peak.svg\",\"width\":602,\"height\":264,\"caption\":\"Peak Advisory\"},\"image\":{\"@id\":\"https:\/\/gbf.peakadvisory.ch\/en\/#\/schema\/logo\/image\/\"}}]}<\/script>\n<!-- \/ Yoast SEO plugin. -->","yoast_head_json":{"title":"About us - Peak Advisory","description":"Peak Advisory est un cabinet de conseil multidisciplinaire bas\u00e9 \u00e0 Vevey. Nos solutions, formul\u00e9es et mises en \u0153uvre par quatre associ\u00e9s aux exp\u00e9riences et comp\u00e9tences d\u00e9montr\u00e9es, s\u2019adressent principalement aux PME de Suisse romande.","robots":{"index":"noindex","follow":"follow","max-snippet":"max-snippet:-1","max-image-preview":"max-image-preview:large","max-video-preview":"max-video-preview:-1"},"og_locale":"en_US","og_type":"article","og_title":"About us - Peak Advisory","og_description":"Peak Advisory est un cabinet de conseil multidisciplinaire bas\u00e9 \u00e0 Vevey. Nos solutions, formul\u00e9es et mises en \u0153uvre par quatre associ\u00e9s aux exp\u00e9riences et comp\u00e9tences d\u00e9montr\u00e9es, s\u2019adressent principalement aux PME de Suisse romande.","og_url":"https:\/\/gbf.peakadvisory.ch\/en\/a-propos-de-nous\/","og_site_name":"Peak Advisory","article_modified_time":"2023-03-19T17:31:26+00:00","twitter_card":"summary_large_image","schema":{"@context":"https:\/\/schema.org","@graph":[{"@type":"WebPage","@id":"https:\/\/gbf.peakadvisory.ch\/en\/a-propos-de-nous\/","url":"https:\/\/gbf.peakadvisory.ch\/en\/a-propos-de-nous\/","name":"About us - Peak Advisory","isPartOf":{"@id":"https:\/\/gbf.peakadvisory.ch\/en\/#website"},"datePublished":"2021-01-07T10:15:54+00:00","dateModified":"2023-03-19T17:31:26+00:00","description":"Peak Advisory est un cabinet de conseil multidisciplinaire bas\u00e9 \u00e0 Vevey. Nos solutions, formul\u00e9es et mises en \u0153uvre par quatre associ\u00e9s aux exp\u00e9riences et comp\u00e9tences d\u00e9montr\u00e9es, s\u2019adressent principalement aux PME de Suisse romande.","breadcrumb":{"@id":"https:\/\/gbf.peakadvisory.ch\/en\/a-propos-de-nous\/#breadcrumb"},"inLanguage":"en-US","potentialAction":[{"@type":"ReadAction","target":["https:\/\/gbf.peakadvisory.ch\/en\/a-propos-de-nous\/"]}]},{"@type":"BreadcrumbList","@id":"https:\/\/gbf.peakadvisory.ch\/en\/a-propos-de-nous\/#breadcrumb","itemListElement":[{"@type":"ListItem","position":1,"name":"Accueil","item":"https:\/\/gbf.peakadvisory.ch\/en\/"},{"@type":"ListItem","position":2,"name":"About us"}]},{"@type":"WebSite","@id":"https:\/\/gbf.peakadvisory.ch\/en\/#website","url":"https:\/\/gbf.peakadvisory.ch\/en\/","name":"Peak Advisory","description":"Cabinet de conseil multidisciplinaire","publisher":{"@id":"https:\/\/gbf.peakadvisory.ch\/en\/#organization"},"potentialAction":[{"@type":"SearchAction","target":{"@type":"EntryPoint","urlTemplate":"https:\/\/gbf.peakadvisory.ch\/en\/?s={search_term_string}"},"query-input":"required name=search_term_string"}],"inLanguage":"en-US"},{"@type":"Organization","@id":"https:\/\/gbf.peakadvisory.ch\/en\/#organization","name":"Peak Advisory","url":"https:\/\/gbf.peakadvisory.ch\/en\/","logo":{"@type":"ImageObject","inLanguage":"en-US","@id":"https:\/\/gbf.peakadvisory.ch\/en\/#\/schema\/logo\/image\/","url":"https:\/\/gbf.peakadvisory.ch\/wp-content\/uploads\/2021\/01\/Peak.svg","contentUrl":"https:\/\/gbf.peakadvisory.ch\/wp-content\/uploads\/2021\/01\/Peak.svg","width":602,"height":264,"caption":"Peak Advisory"},"image":{"@id":"https:\/\/gbf.peakadvisory.ch\/en\/#\/schema\/logo\/image\/"}}]}},"_links":{"self":[{"href":"https:\/\/gbf.peakadvisory.ch\/en\/wp-json\/wp\/v2\/pages\/236"}],"collection":[{"href":"https:\/\/gbf.peakadvisory.ch\/en\/wp-json\/wp\/v2\/pages"}],"about":[{"href":"https:\/\/gbf.peakadvisory.ch\/en\/wp-json\/wp\/v2\/types\/page"}],"author":[{"embeddable":true,"href":"https:\/\/gbf.peakadvisory.ch\/en\/wp-json\/wp\/v2\/users\/2"}],"replies":[{"embeddable":true,"href":"https:\/\/gbf.peakadvisory.ch\/en\/wp-json\/wp\/v2\/comments?post=236"}],"version-history":[{"count":0,"href":"https:\/\/gbf.peakadvisory.ch\/en\/wp-json\/wp\/v2\/pages\/236\/revisions"}],"wp:attachment":[{"href":"https:\/\/gbf.peakadvisory.ch\/en\/wp-json\/wp\/v2\/media?parent=236"}],"curies":[{"name":"wp","href":"https:\/\/api.w.org\/{rel}","templated":true}]}}